{"id":146,"date":"2014-01-04T18:14:24","date_gmt":"2014-01-04T18:14:24","guid":{"rendered":"http:\/\/jbo-scholz-geroda.de\/wordpress-trunk\/?page_id=146"},"modified":"2014-02-06T18:19:36","modified_gmt":"2014-02-06T18:19:36","slug":"ehrenvorstand","status":"publish","type":"page","link":"https:\/\/www.jbo-scholz-geroda.de\/?page_id=146","title":{"rendered":"Ehrenvorstand"},"content":{"rendered":"<p><a href=\"http:\/\/jbo-scholz-geroda.de\/wordpress-trunk\/wp-content\/uploads\/2014\/01\/Der-Ehrenvorstand.jpg\"><img loading=\"lazy\" decoding=\"async\" class=\"aligncenter size-large wp-image-336\" alt=\"Der Ehrenvorstand Heinz Scholz\" src=\"http:\/\/jbo-scholz-geroda.de\/wordpress-trunk\/wp-content\/uploads\/2014\/01\/Der-Ehrenvorstand-424x1024.jpg\" width=\"424\" height=\"1024\" align=\"right\" \/><\/a><\/p>\n<h1>Wir trauern\u2026<\/h1>\n<h4>\u2026um unseren Ehrenvorstand und Ehrendirigent<br \/>\ndes Jugendblasorchesters Scholz Geroda<\/h4>\n<h2>Heinz Scholz<\/h2>\n<p>Heinz Scholz war der Gr\u00fcnder unseres seit 1969 bestehenden Jugendblasorchesters Scholz. Ohne ihn h\u00e4tte es in Geroda wahrscheinlich so schnell kein Jugendblasorchester gegeben. Seit der Gr\u00fcndung 1969 bis zum Jahre 2005 war er der 1. Vorstand unseres Vereines.<\/p>\n<p>Au\u00dferdem fungierte er viele Jahre lang als Dirigent der verschiedenen Jugendkapellen. 1969 gr\u00fcndete er mit 28 Jugendlichen die erste Sch\u00fclerkapelle. Den Unterricht auf allen Instrumenten erteilte er selbst \u2013 unentgeltlich und sogar in seiner eigenen Wohnung. Unz\u00e4hlige Urkunden und Fotos zeugen von den Erfolgen der Kapelle bei Wertungsspielen und musikalischen Besuchen, wie z. B. in Augsburg oder in Hamburg bei einem befreundetem Orchester. Die Leitung dieser Kapelle gab er sp\u00e4ter an seinen Sohn Joachim weiter. 1982 gr\u00fcndete er die n\u00e4chste Jugendkapelle und bildete die Musikanten wieder ehrenamtlich aus. Wie viele Musikanten Heinz Scholz ausgebildet hat, kann er nicht genau sagen.<\/p>\n<p>Durch ihn und seine Musik ist Geroda musikalisch weit \u00fcber die Grenzen des Landkreises Bad Kissingen hinaus bekannt geworden.<\/p>\n<p>Vergelt\u2019s ihm Gott f\u00fcr all das, was er f\u00fcr unser Orchester getan hat.<\/p>\n<h4>Sein Lebenswerk klingt weiter.<\/h4>\n<h4><\/h4>\n","protected":false},"excerpt":{"rendered":"<p>Wir trauern\u2026 \u2026um unseren Ehrenvorstand und Ehrendirigent des Jugendblasorchesters Scholz Geroda Heinz Scholz Heinz Scholz war der Gr\u00fcnder unseres seit 1969 bestehenden Jugendblasorchesters Scholz. Ohne ihn h\u00e4tte es in Geroda wahrscheinlich so schnell kein Jugendblasorchester gegeben. Seit der Gr\u00fcndung 1969 bis zum Jahre 2005 war er der 1. Vorstand unseres\u2026<\/p>\n<p class=\"continue-reading-button\"> <a class=\"continue-reading-link\" href=\"https:\/\/www.jbo-scholz-geroda.de\/?page_id=146\">Continue reading<i class=\"crycon-right-dir\"><\/i><\/a><\/p>\n","protected":false},"author":1,"featured_media":0,"parent":43,"menu_order":0,"comment_status":"open","ping_status":"closed","template":"templates\/template-page-with-intro.php","meta":{"footnotes":""},"class_list":["post-146","page","type-page","status-publish","hentry"],"_links":{"self":[{"href":"https:\/\/www.jbo-scholz-geroda.de\/index.php?rest_route=\/wp\/v2\/pages\/146","targetHints":{"allow":["GET"]}}],"collection":[{"href":"https:\/\/www.jbo-scholz-geroda.de\/index.php?rest_route=\/wp\/v2\/pages"}],"about":[{"href":"https:\/\/www.jbo-scholz-geroda.de\/index.php?rest_route=\/wp\/v2\/types\/page"}],"author":[{"embeddable":true,"href":"https:\/\/www.jbo-scholz-geroda.de\/index.php?rest_route=\/wp\/v2\/users\/1"}],"replies":[{"embeddable":true,"href":"https:\/\/www.jbo-scholz-geroda.de\/index.php?rest_route=%2Fwp%2Fv2%2Fcomments&post=146"}],"version-history":[{"count":12,"href":"https:\/\/www.jbo-scholz-geroda.de\/index.php?rest_route=\/wp\/v2\/pages\/146\/revisions"}],"predecessor-version":[{"id":1970,"href":"https:\/\/www.jbo-scholz-geroda.de\/index.php?rest_route=\/wp\/v2\/pages\/146\/revisions\/1970"}],"up":[{"embeddable":true,"href":"https:\/\/www.jbo-scholz-geroda.de\/index.php?rest_route=\/wp\/v2\/pages\/43"}],"wp:attachment":[{"href":"https:\/\/www.jbo-scholz-geroda.de\/index.php?rest_route=%2Fwp%2Fv2%2Fmedia&parent=146"}],"curies":[{"name":"wp","href":"https:\/\/api.w.org\/{rel}","templated":true}]}}