{"id":2391,"date":"2017-02-08T15:36:26","date_gmt":"2017-02-08T15:36:26","guid":{"rendered":"http:\/\/www.jbo-scholz-geroda.de\/?page_id=2391"},"modified":"2023-09-28T06:03:01","modified_gmt":"2023-09-28T06:03:01","slug":"mitgliedschaft","status":"publish","type":"page","link":"https:\/\/www.jbo-scholz-geroda.de\/?page_id=2391","title":{"rendered":"Mitgliedschaft"},"content":{"rendered":"\n<div class=\"wp-block-group\"><div class=\"wp-block-group__inner-container is-layout-flow wp-block-group-is-layout-flow\">\n<p>Nachfolgend sind alle Dokumente rund um die Mitgliedschaft in unserem Orchester zu finden. Dazu geh\u00f6ren der Aufnahmeantrag in unser Orchester, das&nbsp;Sepa-Lastschriftmandat zur Abbuchung der Mitgliedsbeitr\u00e4ge, die Einverst\u00e4ndniserkl\u00e4ung f\u00fcr Erwachsene und Kinder \u00fcber die Rechte am Bild und Datenmaterial und eine aktuelle Fassung der Satzung.<\/p>\n\n\n\n<p>Die aktuellen Mitgliedsbeitr\u00e4ge (j\u00e4hrlich festgesetzt in der Jahreshauptversammlung) sind wie folgt festgelegt:<br>Aktive Mitglieder ab 18 Jahren: 25 \u20ac \/ Jahr<br>Kinder und Jugendliche unter 18 Jahren: 15 \u20ac \/ Jahr<br>Familien mit Kindern unter 18 Jahren: 50 \u20ac \/ Jahr<br>Passive Mitglieder \u00fcber 18 Jahren:  15 \u20ac \/ Jahr<br>Passive Mitglieder unter 18 Jahren: 15 \u20ac \/ Jahr<br>F\u00f6rdernde Mitglieder: Beitrag richtet sich nach individueller F\u00f6rderbereitschaft <br>Mindestbeitrag: 30 \u20ac <br><a href=\"https:\/\/www.jbo-scholz-geroda.de\/wordpress-trunk\/wp-content\/uploads\/2020\/02\/Rechte-und-Pflichten_NEU.pdf\">Mitgliedsbeitrage, Rechte und Pflichten der Mitglieder<\/a><\/p>\n\n\n\n<p>Aufnahmeantrag in das Jugendblasorchester Scholz Geroda e. V.:<br><a href=\"https:\/\/www.jbo-scholz-geroda.de\/wordpress-trunk\/wp-content\/uploads\/2020\/02\/Aufnahmeantrag_NEU.docx.pdf\">Mitgliederverwaltung_Aufnahmeantrag<\/a><br><a href=\"https:\/\/www.jbo-scholz-geroda.de\/wordpress-trunk\/wp-content\/uploads\/2021\/03\/Aufnahmeantrag_Foerdermitglied.pdf\">Aufnahmeantrag_F\u00f6rdermitglied<\/a><\/p>\n\n\n\n<p>Sepa-Lastschriftmandat:<br><a href=\"https:\/\/www.jbo-scholz-geroda.de\/wordpress-trunk\/wp-content\/uploads\/2020\/02\/SEPA-Lastschriftenmandat_NEU.pdf\">SEPA &#8211; Lastschriftenmandat<\/a><br><a href=\"https:\/\/www.jbo-scholz-geroda.de\/wordpress-trunk\/wp-content\/uploads\/2021\/03\/SEPA-Lastschriftenmandat_Foerdermitglied.pdf\">SEPA-Lastschriftenmandat_F\u00f6rdermitglied<\/a><\/p>\n\n\n\n<p><\/p>\n\n\n\n<p>Einverst\u00e4ndniserkl\u00e4ung f\u00fcr Erwachsene und Kinder \u00fcber die Rechte am Bild und Datenmaterial:<br><a href=\"https:\/\/www.jbo-scholz-geroda.de\/wordpress-trunk\/wp-content\/uploads\/2020\/02\/Einverst\u00e4ndniserkl\u00e4rung_Erwachsene_NEU.pdf\">Einverst\u00e4ndniserkl\u00e4rung_Erwachsene<\/a><br><a href=\"https:\/\/www.jbo-scholz-geroda.de\/wordpress-trunk\/wp-content\/uploads\/2020\/02\/Einverst\u00e4ndniserkl\u00e4rung_Kinder_NEU.pdf\">Einverst\u00e4ndniserkl\u00e4rung_Kinder<\/a><\/p>\n\n\n\n<p>Aktuelle Fassung der Satzung des Jugendblasorchesters Scholz Geroda e. V.:<\/p>\n<\/div><\/div>\n\n\n\n<p><a href=\"https:\/\/www.jbo-scholz-geroda.de\/wordpress-trunk\/wp-content\/uploads\/2023\/09\/Satzung-Stand-08.03.2023-1.pdf\">JBO-Satzung<\/a><\/p>\n","protected":false},"excerpt":{"rendered":"<p>Nachfolgend sind alle Dokumente rund um die Mitgliedschaft in unserem Orchester zu finden. Dazu geh\u00f6ren der Aufnahmeantrag in unser Orchester, das&nbsp;Sepa-Lastschriftmandat zur Abbuchung der Mitgliedsbeitr\u00e4ge, die Einverst\u00e4ndniserkl\u00e4ung f\u00fcr Erwachsene und Kinder \u00fcber die Rechte am Bild und Datenmaterial und eine aktuelle Fassung der Satzung. Die aktuellen Mitgliedsbeitr\u00e4ge (j\u00e4hrlich festgesetzt in\u2026<\/p>\n<p class=\"continue-reading-button\"> <a class=\"continue-reading-link\" href=\"https:\/\/www.jbo-scholz-geroda.de\/?page_id=2391\">Continue reading<i class=\"crycon-right-dir\"><\/i><\/a><\/p>\n","protected":false},"author":1,"featured_media":0,"parent":40,"menu_order":0,"comment_status":"closed","ping_status":"closed","template":"","meta":{"footnotes":""},"class_list":["post-2391","page","type-page","status-publish","hentry"],"_links":{"self":[{"href":"https:\/\/www.jbo-scholz-geroda.de\/index.php?rest_route=\/wp\/v2\/pages\/2391","targetHints":{"allow":["GET"]}}],"collection":[{"href":"https:\/\/www.jbo-scholz-geroda.de\/index.php?rest_route=\/wp\/v2\/pages"}],"about":[{"href":"https:\/\/www.jbo-scholz-geroda.de\/index.php?rest_route=\/wp\/v2\/types\/page"}],"author":[{"embeddable":true,"href":"https:\/\/www.jbo-scholz-geroda.de\/index.php?rest_route=\/wp\/v2\/users\/1"}],"replies":[{"embeddable":true,"href":"https:\/\/www.jbo-scholz-geroda.de\/index.php?rest_route=%2Fwp%2Fv2%2Fcomments&post=2391"}],"version-history":[{"count":21,"href":"https:\/\/www.jbo-scholz-geroda.de\/index.php?rest_route=\/wp\/v2\/pages\/2391\/revisions"}],"predecessor-version":[{"id":3423,"href":"https:\/\/www.jbo-scholz-geroda.de\/index.php?rest_route=\/wp\/v2\/pages\/2391\/revisions\/3423"}],"up":[{"embeddable":true,"href":"https:\/\/www.jbo-scholz-geroda.de\/index.php?rest_route=\/wp\/v2\/pages\/40"}],"wp:attachment":[{"href":"https:\/\/www.jbo-scholz-geroda.de\/index.php?rest_route=%2Fwp%2Fv2%2Fmedia&parent=2391"}],"curies":[{"name":"wp","href":"https:\/\/api.w.org\/{rel}","templated":true}]}}