{"id":46,"date":"2014-01-04T16:17:48","date_gmt":"2014-01-04T16:17:48","guid":{"rendered":"http:\/\/jbo-scholz-geroda.de\/wordpress-trunk\/?page_id=46"},"modified":"2014-02-06T18:37:48","modified_gmt":"2014-02-06T18:37:48","slug":"vereinsgeschichte","status":"publish","type":"page","link":"https:\/\/www.jbo-scholz-geroda.de\/?page_id=46","title":{"rendered":"Vereinsgeschichte"},"content":{"rendered":"<p>Bis ins 16. Jahrhundert k\u00f6nnen musikalische Wurzeln in Geroda zur\u00fcckverfolgt werden.<br \/>\nEine detailierte Auflistung des musikalischen Hintergrunds von Geroda zeigt die Chronik:<\/p>\n<p><a href=\"http:\/\/jbo-scholz-geroda.de\/wordpress-trunk\/?page_id=71\">Blasmusik in Geroda<\/a><\/p>\n<p>Eine \u00dcbersicht \u00fcber die j\u00fcngere musikalischen Aktivit\u00e4ten in Geroda zeigt die folgende Chronik:<\/p>\n<p><a href=\"http:\/\/jbo-scholz-geroda.de\/wordpress-trunk\/?page_id=87\">Chronik des JBOs seit der Gr\u00fcndung<\/a><\/p>\n<p>Zudem wurde das Jugendblasorchester Scholz f\u00fcr mehr als eine 100-j\u00e4hrige Musiktradition in Geroda mit der<\/p>\n<p><a href=\"http:\/\/jbo-scholz-geroda.de\/wordpress-trunk\/?page_id=89\">Pro-Musica-Plakette<\/a><\/p>\n<p>ausgezeichnet.<\/p>\n","protected":false},"excerpt":{"rendered":"<p>Bis ins 16. Jahrhundert k\u00f6nnen musikalische Wurzeln in Geroda zur\u00fcckverfolgt werden. Eine detailierte Auflistung des musikalischen Hintergrunds von Geroda zeigt die Chronik: Blasmusik in Geroda Eine \u00dcbersicht \u00fcber die j\u00fcngere musikalischen Aktivit\u00e4ten in Geroda zeigt die folgende Chronik: Chronik des JBOs seit der Gr\u00fcndung Zudem wurde das Jugendblasorchester Scholz f\u00fcr\u2026<\/p>\n<p class=\"continue-reading-button\"> <a class=\"continue-reading-link\" href=\"https:\/\/www.jbo-scholz-geroda.de\/?page_id=46\">Continue reading<i class=\"crycon-right-dir\"><\/i><\/a><\/p>\n","protected":false},"author":1,"featured_media":0,"parent":0,"menu_order":0,"comment_status":"open","ping_status":"closed","template":"templates\/template-page-with-intro.php","meta":{"footnotes":""},"class_list":["post-46","page","type-page","status-publish","hentry"],"_links":{"self":[{"href":"https:\/\/www.jbo-scholz-geroda.de\/index.php?rest_route=\/wp\/v2\/pages\/46","targetHints":{"allow":["GET"]}}],"collection":[{"href":"https:\/\/www.jbo-scholz-geroda.de\/index.php?rest_route=\/wp\/v2\/pages"}],"about":[{"href":"https:\/\/www.jbo-scholz-geroda.de\/index.php?rest_route=\/wp\/v2\/types\/page"}],"author":[{"embeddable":true,"href":"https:\/\/www.jbo-scholz-geroda.de\/index.php?rest_route=\/wp\/v2\/users\/1"}],"replies":[{"embeddable":true,"href":"https:\/\/www.jbo-scholz-geroda.de\/index.php?rest_route=%2Fwp%2Fv2%2Fcomments&post=46"}],"version-history":[{"count":6,"href":"https:\/\/www.jbo-scholz-geroda.de\/index.php?rest_route=\/wp\/v2\/pages\/46\/revisions"}],"predecessor-version":[{"id":359,"href":"https:\/\/www.jbo-scholz-geroda.de\/index.php?rest_route=\/wp\/v2\/pages\/46\/revisions\/359"}],"wp:attachment":[{"href":"https:\/\/www.jbo-scholz-geroda.de\/index.php?rest_route=%2Fwp%2Fv2%2Fmedia&parent=46"}],"curies":[{"name":"wp","href":"https:\/\/api.w.org\/{rel}","templated":true}]}}