{"id":87,"date":"2014-01-04T17:06:28","date_gmt":"2014-01-04T17:06:28","guid":{"rendered":"http:\/\/jbo-scholz-geroda.de\/wordpress-trunk\/?page_id=87"},"modified":"2025-11-03T18:01:54","modified_gmt":"2025-11-03T18:01:54","slug":"des-jbo-seit-der-grundung","status":"publish","type":"page","link":"https:\/\/www.jbo-scholz-geroda.de\/?page_id=87","title":{"rendered":"Chronik des JBOs seit der Gr\u00fcndung"},"content":{"rendered":"<p><a href=\"http:\/\/jbo-scholz-geroda.de\/wordpress-trunk\/wp-content\/uploads\/2014\/01\/Wappen-JBO.jpg\"><img decoding=\"async\" class=\"alignleft size-medium wp-image-6\" src=\"http:\/\/jbo-scholz-geroda.de\/wordpress-trunk\/wp-content\/uploads\/2014\/01\/Wappen-JBO.jpg\" alt=\"Wappen JBO Scholz\" \/><\/a><\/p>\n<p>1969\u00a0 Gr\u00fcndung einer Jugendkapelle durch Heinz Scholz (Leiter und Ausbilder)<\/p>\n<p>1974\u00a0 Kreismusikfest in Geroda (5-j\u00e4hriges Jubil\u00e4um)<\/p>\n<p>1977\u00a0 Gr\u00fcndung der Sch\u00fclerkapelle im Jugendblasorchester durch Sybille Scholz<\/p>\n<p>1977\u00a0 Aufbau einer Partnerschaft mit dem Blasorchester aus Hamburg-Duvenstedt<\/p>\n<p>1979 10-j\u00e4hrige Statistik: Wertungsspielergebnisse:<br \/>\n1 x Unterstufe 1. Rang<br \/>\n1 x Mittelstufe 1. Rang<br \/>\n4 x Oberstufe 1. Rang<br \/>\n2 x Oberstufe 1. Rang mit Auszeichnung<br \/>\n345 Auftritte, 1353 Proben<\/p>\n<p>1981 innerhalb des Jugendblasorchesters formieren sich \u201eJo Scholz und die Rh\u00f6ner Musikanten\u201d<br \/>\neine Gruppe f\u00fcr Tanz, Show und Stimmung unter Leitung von Joachim Scholz<\/p>\n<p>1982\u00a0 Gr\u00fcndung einer weiteren Sch\u00fclerkapelle mit 33 Kindern durch Heinz Scholz<\/p>\n<p>1982\u00a0 Auftritte der ersten Sch\u00fclerkapelle nun als \u201eBlack Mountain Blues Band\u201c<\/p>\n<p>1989\u00a0 Jubil\u00e4umskonzert zum 20-j\u00e4hrigen Bestehen mit Ehrungen<\/p>\n<p>1989\u00a0 Eintrag in das Vereinsregister VR 447 Amtsgericht Bad Kissingen<\/p>\n<p>1992\u00a0 Gr\u00fcndung der n\u00e4chsten Sch\u00fclerkapelle unter der Leitung von Joachim Scholz<\/p>\n<p>1995\u00a0 Gro\u00dfkonzert mit allen Gruppen des Jugendblasorchesters<\/p>\n<p>1997\u00a0 Beginn der regelm\u00e4\u00dfigen Weihnachtskonzerte in der Pfarrkirche<\/p>\n<p>1999\u00a0 Jubil\u00e4umskonzert zum 30-j\u00e4hrigen Bestehen<\/p>\n<p>2002\u00a0 Gewinner des Rh\u00f6ner Blasmusik-Cups<\/p>\n<p>2004\u00a0 Gewinner des Rh\u00f6ner Blasmusik-Cups<\/p>\n<p>2004\u00a0 Fusion von Jugendkapelle und \u201cRh\u00f6ner Musikanten\u201d zum \u201cJBO Scholz Geroda\u201d<\/p>\n<p>2006\u00a0 Gr\u00fcndung einer Sch\u00fclerkapelle mit 18 Sch\u00fclern<\/p>\n<p>2007 Renovierung des Proberaums<\/p>\n<p>2009 Jubil\u00e4umskonzert zum 40 \u2013 j\u00e4hrigen Bestehen in Schondra<\/p>\n<p>2009 Gr\u00fcndung der Jugendkapelle &#8220;MiniKings&#8221;<\/p>\n<p>2010 Sieger der 1. Rh\u00f6ner Blasmusik-Meisterschaft<\/p>\n<p>2014 Sieger des Wettbewerbs im Rahmen des Dreik\u00f6nigsfests der Blasmusik<\/p>\n<p>2014 Renovierung des Proberaums<\/p>\n<p>2017 Konzert auf den Marco-Polo-Terrassen in der Hamburger HafenCity<\/p>\n<p>2019 Jubil\u00e4umskonzert und Open Air zum 50-j\u00e4hrigen Bestehen<\/p>\n<p>2023 Teilnahme am Internationalen Blasmusiktreffen in Kirchberg\/ Tirol<\/p>\n<p>2024 Konzert in Planten &amp; Bloomen und auf dem Hafengeburtstag in Hamburg, Jubil\u00e4umskonzert zum 55-j\u00e4hrigen Bestehen<\/p>\n<p>2025 50 Jahre Freundschaft mit dem Blasorchester Duvenstedt<\/p>\n","protected":false},"excerpt":{"rendered":"<p>1969\u00a0 Gr\u00fcndung einer Jugendkapelle durch Heinz Scholz (Leiter und Ausbilder) 1974\u00a0 Kreismusikfest in Geroda (5-j\u00e4hriges Jubil\u00e4um) 1977\u00a0 Gr\u00fcndung der Sch\u00fclerkapelle im Jugendblasorchester durch Sybille Scholz 1977\u00a0 Aufbau einer Partnerschaft mit dem Blasorchester aus Hamburg-Duvenstedt 1979 10-j\u00e4hrige Statistik: Wertungsspielergebnisse: 1 x Unterstufe 1. Rang 1 x Mittelstufe 1. Rang 4 x\u2026<\/p>\n<p class=\"continue-reading-button\"> <a class=\"continue-reading-link\" href=\"https:\/\/www.jbo-scholz-geroda.de\/?page_id=87\">Continue reading<i class=\"crycon-right-dir\"><\/i><\/a><\/p>\n","protected":false},"author":1,"featured_media":0,"parent":46,"menu_order":0,"comment_status":"open","ping_status":"open","template":"templates\/template-page-with-intro.php","meta":{"footnotes":""},"class_list":["post-87","page","type-page","status-publish","hentry"],"_links":{"self":[{"href":"https:\/\/www.jbo-scholz-geroda.de\/index.php?rest_route=\/wp\/v2\/pages\/87","targetHints":{"allow":["GET"]}}],"collection":[{"href":"https:\/\/www.jbo-scholz-geroda.de\/index.php?rest_route=\/wp\/v2\/pages"}],"about":[{"href":"https:\/\/www.jbo-scholz-geroda.de\/index.php?rest_route=\/wp\/v2\/types\/page"}],"author":[{"embeddable":true,"href":"https:\/\/www.jbo-scholz-geroda.de\/index.php?rest_route=\/wp\/v2\/users\/1"}],"replies":[{"embeddable":true,"href":"https:\/\/www.jbo-scholz-geroda.de\/index.php?rest_route=%2Fwp%2Fv2%2Fcomments&post=87"}],"version-history":[{"count":26,"href":"https:\/\/www.jbo-scholz-geroda.de\/index.php?rest_route=\/wp\/v2\/pages\/87\/revisions"}],"predecessor-version":[{"id":5989,"href":"https:\/\/www.jbo-scholz-geroda.de\/index.php?rest_route=\/wp\/v2\/pages\/87\/revisions\/5989"}],"up":[{"embeddable":true,"href":"https:\/\/www.jbo-scholz-geroda.de\/index.php?rest_route=\/wp\/v2\/pages\/46"}],"wp:attachment":[{"href":"https:\/\/www.jbo-scholz-geroda.de\/index.php?rest_route=%2Fwp%2Fv2%2Fmedia&parent=87"}],"curies":[{"name":"wp","href":"https:\/\/api.w.org\/{rel}","templated":true}]}}