{"id":89,"date":"2014-01-04T17:07:10","date_gmt":"2014-01-04T17:07:10","guid":{"rendered":"http:\/\/jbo-scholz-geroda.de\/wordpress-trunk\/?page_id=89"},"modified":"2014-02-17T20:12:13","modified_gmt":"2014-02-17T20:12:13","slug":"pro-musica-plakette","status":"publish","type":"page","link":"https:\/\/www.jbo-scholz-geroda.de\/?page_id=89","title":{"rendered":"Pro-Musica-Plakette"},"content":{"rendered":"<p>F\u00fcr mehr als 100-j\u00e4hrige Musiktradition im Ort ist das Jugendblasorchester Scholz vor zwei Wochen mit der Pro-Musica-Plakette ausgezeichnet worden. Sie wurde im Rahmen eines Festaktes in der Bad Kissinger Wandelhalle durch den Bayerischen Staatsminister f\u00fcr Wissenschaft, Forschung und Kunst, Dr. Thomas Goppel, \u00fcberreicht.<\/p>\n<p>Dass die Musiktradition in der Marktgemeinde Geroda weit l\u00e4nger zur\u00fcckreicht als das Bestehen des Jugendblasorchesters haben der langj\u00e4hrige Dirigent und Vorstand Joachim Scholz, der Gemeindearchivar Karl Floth und Willi Schmitt mit seinem Privatarchiv in m\u00fchevoller Kleinarbeit nachgewiesen. Sie hatten in den Archiven und Vereinsprotokollen gest\u00f6bert und wichtige schriftliche Aufzeichnungen sowie alte Bilder herausgesucht, die schlie\u00dflich die Verleihung der Pro-Musica-Plakette rechtfertigten.<\/p>\n<p>Die Quellen aus der Gemeindechronik Geroda-Platz weisen darauf hin, dass die Blasmusik in Geroda und Platz sogar schon seit fast 200 Jahren existiert. Die erste schriftliche Aufzeichnung stammt bereits aus dem Jahre 1808. Im Jahre 1824 wurde zum 25-j\u00e4hrigen Regierungsjubil\u00e4um des K\u00f6nigs auf dem \u00f6ffentlichen Kirchplatz ein Fest abgehalten, wobei die \u00f6rtliche Blasmusik einen wichtigen Beitrag zu leisten und ein zugeschicktes Volkslied intonieren musste (Quelle: Pfarrarchiv). Der erste Bildnachweis der damaligen Ortskapelle aus Geroda stammt aus dem Jahre 1900 und zeigt die Musikanten anl\u00e4sslich der Kirmes auf der Treppe des Gasthauses \u201eZum Hirschen\u201c. Auch von der Kapelle aus Platz existiert ein Foto aus dem Jahre 1904, das neun Musikanten, darunter sog. \u201eSonntagssch\u00fcler\u201c, zeigt. Auch nach den beiden Weltkriegen formierte sich das musikalische Leben in den beiden Gemeinden immer wieder neu. So belegt beispielsweise das Privatarchiv von Willi Schmitt, dass an Fasching 1947 acht Musikanten die Faschingstradition im Ort wieder aufleben lie\u00dfen. 1959 gr\u00fcndete der aus Schlesien stammende Heinz Scholz die bekannte Blaskapelle Scholz, die 1969 in das Jugendblasorchester Scholz \u00fcberging. Bis heute erh\u00e4lt die Kapelle die langj\u00e4hrige Tradition in der Marktgemeinde Geroda aufrecht und ist aus dem Vereins- und Kulturleben im Ort nicht mehr wegzudenken.<\/p>\n<p>(Quelle: Saale-Zeitung 03\/2005)<\/p>\n","protected":false},"excerpt":{"rendered":"<p>F\u00fcr mehr als 100-j\u00e4hrige Musiktradition im Ort ist das Jugendblasorchester Scholz vor zwei Wochen mit der Pro-Musica-Plakette ausgezeichnet worden. Sie wurde im Rahmen eines Festaktes in der Bad Kissinger Wandelhalle durch den Bayerischen Staatsminister f\u00fcr Wissenschaft, Forschung und Kunst, Dr. Thomas Goppel, \u00fcberreicht. Dass die Musiktradition in der Marktgemeinde Geroda\u2026<\/p>\n<p class=\"continue-reading-button\"> <a class=\"continue-reading-link\" href=\"https:\/\/www.jbo-scholz-geroda.de\/?page_id=89\">Continue reading<i class=\"crycon-right-dir\"><\/i><\/a><\/p>\n","protected":false},"author":1,"featured_media":0,"parent":46,"menu_order":0,"comment_status":"open","ping_status":"closed","template":"templates\/template-page-with-intro.php","meta":{"footnotes":""},"class_list":["post-89","page","type-page","status-publish","hentry"],"_links":{"self":[{"href":"https:\/\/www.jbo-scholz-geroda.de\/index.php?rest_route=\/wp\/v2\/pages\/89","targetHints":{"allow":["GET"]}}],"collection":[{"href":"https:\/\/www.jbo-scholz-geroda.de\/index.php?rest_route=\/wp\/v2\/pages"}],"about":[{"href":"https:\/\/www.jbo-scholz-geroda.de\/index.php?rest_route=\/wp\/v2\/types\/page"}],"author":[{"embeddable":true,"href":"https:\/\/www.jbo-scholz-geroda.de\/index.php?rest_route=\/wp\/v2\/users\/1"}],"replies":[{"embeddable":true,"href":"https:\/\/www.jbo-scholz-geroda.de\/index.php?rest_route=%2Fwp%2Fv2%2Fcomments&post=89"}],"version-history":[{"count":5,"href":"https:\/\/www.jbo-scholz-geroda.de\/index.php?rest_route=\/wp\/v2\/pages\/89\/revisions"}],"predecessor-version":[{"id":328,"href":"https:\/\/www.jbo-scholz-geroda.de\/index.php?rest_route=\/wp\/v2\/pages\/89\/revisions\/328"}],"up":[{"embeddable":true,"href":"https:\/\/www.jbo-scholz-geroda.de\/index.php?rest_route=\/wp\/v2\/pages\/46"}],"wp:attachment":[{"href":"https:\/\/www.jbo-scholz-geroda.de\/index.php?rest_route=%2Fwp%2Fv2%2Fmedia&parent=89"}],"curies":[{"name":"wp","href":"https:\/\/api.w.org\/{rel}","templated":true}]}}