{"id":91,"date":"2014-01-04T17:08:09","date_gmt":"2014-01-04T17:08:09","guid":{"rendered":"http:\/\/jbo-scholz-geroda.de\/wordpress-trunk\/?page_id=91"},"modified":"2026-03-08T10:26:51","modified_gmt":"2026-03-08T10:26:51","slug":"musiker","status":"publish","type":"page","link":"https:\/\/www.jbo-scholz-geroda.de\/?page_id=91","title":{"rendered":"Musiker"},"content":{"rendered":"<p>Ein begeistertes Team von rund 40 Bl\u00e4sern, das mit Motivation und Schwung die Auftritte gestaltet.<br \/>\nFast alle besitzen ein Musiker-Leistungsabzeichen in Bronze, Silber oder Gold.<\/p>\n<p>Die Frauenquote: 1:1 !!!<\/p>\n<table>\n<tbody>\n<tr>\n<td><\/td>\n<td><strong>Dirigentin<\/strong>:<br \/>\nHannah Silberbach<\/p>\n<p style=\"text-align: left;\"><strong>Vocal:<\/strong><br \/>\nKatharina Kuhn, Hannah Silberbach, Sabine Scholz, Joachim Scholz und weitere S\u00e4nger<\/p>\n<\/td>\n<\/tr>\n<tr>\n<td><strong>Klarinette: <\/strong><br \/>\nClaudia Bienm\u00fcller, Hannah Bienm\u00fcller, Isabell Gerr, Antonia Gindl, Christina Kohl, Theresa Kohl, Kerstin Schlereth, Carolin Schmitt, Vanessa Schmitt<\/td>\n<td><a href=\"https:\/\/www.jbo-scholz-geroda.de\/wordpress-trunk\/wp-content\/uploads\/2014\/01\/DS3_3823.jpg\"><img loading=\"lazy\" decoding=\"async\" class=\"alignright wp-image-2509 size-medium\" src=\"https:\/\/www.jbo-scholz-geroda.de\/wordpress-trunk\/wp-content\/uploads\/2014\/01\/DS3_3823-225x300.jpg\" alt=\"Musiker an der Klarinette\" width=\"225\" height=\"300\" align=\"left\" srcset=\"https:\/\/www.jbo-scholz-geroda.de\/wordpress-trunk\/wp-content\/uploads\/2014\/01\/DS3_3823-225x300.jpg 225w, https:\/\/www.jbo-scholz-geroda.de\/wordpress-trunk\/wp-content\/uploads\/2014\/01\/DS3_3823-113x150.jpg 113w, https:\/\/www.jbo-scholz-geroda.de\/wordpress-trunk\/wp-content\/uploads\/2014\/01\/DS3_3823.jpg 450w\" sizes=\"auto, (max-width: 225px) 100vw, 225px\" \/><\/a><\/td>\n<\/tr>\n<tr>\n<td><a href=\"https:\/\/www.jbo-scholz-geroda.de\/wordpress-trunk\/wp-content\/uploads\/2014\/01\/DS3_3843.jpg\"><img loading=\"lazy\" decoding=\"async\" class=\"alignleft wp-image-2508 size-medium\" src=\"https:\/\/www.jbo-scholz-geroda.de\/wordpress-trunk\/wp-content\/uploads\/2014\/01\/DS3_3843-225x300.jpg\" alt=\"Musiker an der Fl\u00f6te\" width=\"225\" height=\"300\" align=\"right\" srcset=\"https:\/\/www.jbo-scholz-geroda.de\/wordpress-trunk\/wp-content\/uploads\/2014\/01\/DS3_3843-225x300.jpg 225w, https:\/\/www.jbo-scholz-geroda.de\/wordpress-trunk\/wp-content\/uploads\/2014\/01\/DS3_3843-113x150.jpg 113w, https:\/\/www.jbo-scholz-geroda.de\/wordpress-trunk\/wp-content\/uploads\/2014\/01\/DS3_3843.jpg 450w\" sizes=\"auto, (max-width: 225px) 100vw, 225px\" \/><\/a><\/td>\n<td><strong>Fl\u00f6te: <\/strong><br \/>\nLisa V\u00e4th und Bettina Meier<\/td>\n<\/tr>\n<tr>\n<td><strong>Trompete\/Fl\u00fcgelhorn:<\/strong><br \/>\nDieter Bienm\u00fcller, Karl Bienm\u00fcller, Franzi Kleinhenz, Patrick Reppert, Leni R\u00f6mmelt, Julian Schneider, Philipp Wirth<\/td>\n<td><a href=\"https:\/\/www.jbo-scholz-geroda.de\/wordpress-trunk\/wp-content\/uploads\/2014\/01\/DS3_3777.jpg\"><img loading=\"lazy\" decoding=\"async\" class=\"alignright wp-image-2512 size-medium\" src=\"https:\/\/www.jbo-scholz-geroda.de\/wordpress-trunk\/wp-content\/uploads\/2014\/01\/DS3_3777-225x300.jpg\" alt=\"Musiker an der Trompete \/ Fl\u00fcgelhorn\" width=\"225\" height=\"300\" align=\"left\" srcset=\"https:\/\/www.jbo-scholz-geroda.de\/wordpress-trunk\/wp-content\/uploads\/2014\/01\/DS3_3777-225x300.jpg 225w, https:\/\/www.jbo-scholz-geroda.de\/wordpress-trunk\/wp-content\/uploads\/2014\/01\/DS3_3777-113x150.jpg 113w, https:\/\/www.jbo-scholz-geroda.de\/wordpress-trunk\/wp-content\/uploads\/2014\/01\/DS3_3777.jpg 450w\" sizes=\"auto, (max-width: 225px) 100vw, 225px\" \/><\/a><\/td>\n<\/tr>\n<tr>\n<td><a href=\"https:\/\/www.jbo-scholz-geroda.de\/wordpress-trunk\/wp-content\/uploads\/2014\/01\/DS3_3806.jpg\"><img loading=\"lazy\" decoding=\"async\" class=\"alignleft wp-image-2511 size-medium\" src=\"https:\/\/www.jbo-scholz-geroda.de\/wordpress-trunk\/wp-content\/uploads\/2014\/01\/DS3_3806-225x300.jpg\" alt=\"Musiker am Saxophon\" width=\"225\" height=\"300\" align=\"right\" srcset=\"https:\/\/www.jbo-scholz-geroda.de\/wordpress-trunk\/wp-content\/uploads\/2014\/01\/DS3_3806-225x300.jpg 225w, https:\/\/www.jbo-scholz-geroda.de\/wordpress-trunk\/wp-content\/uploads\/2014\/01\/DS3_3806-113x150.jpg 113w, https:\/\/www.jbo-scholz-geroda.de\/wordpress-trunk\/wp-content\/uploads\/2014\/01\/DS3_3806.jpg 450w\" sizes=\"auto, (max-width: 225px) 100vw, 225px\" \/><\/a><\/td>\n<td><strong>Saxophon:<\/strong><br \/>\nTanja Lindner, Claudia Hilsdorf-Gindl, Katharina Kuhn, Diana Reppert, Sabine Arnold, Elke Schneider, Giulia Kohlhepp, Sabine Scholz<\/td>\n<\/tr>\n<tr>\n<td><strong>Tenorhorn\/Bariton:<\/strong><br \/>\nMicha Bienm\u00fcller, Michaela Bug, Jakob R\u00f6mmelt, Manfred R\u00f6mmelt, Luca Schmitt, Isabell Wirth<\/td>\n<td><a href=\"https:\/\/www.jbo-scholz-geroda.de\/wordpress-trunk\/wp-content\/uploads\/2014\/01\/DS3_3813.jpg\"><img loading=\"lazy\" decoding=\"async\" class=\"alignright wp-image-2514 size-medium\" src=\"https:\/\/www.jbo-scholz-geroda.de\/wordpress-trunk\/wp-content\/uploads\/2014\/01\/DS3_3813-225x300.jpg\" alt=\"Musiker am Tenorhorn \/ Bariton\" width=\"225\" height=\"300\" align=\"left\" srcset=\"https:\/\/www.jbo-scholz-geroda.de\/wordpress-trunk\/wp-content\/uploads\/2014\/01\/DS3_3813-225x300.jpg 225w, https:\/\/www.jbo-scholz-geroda.de\/wordpress-trunk\/wp-content\/uploads\/2014\/01\/DS3_3813-113x150.jpg 113w, https:\/\/www.jbo-scholz-geroda.de\/wordpress-trunk\/wp-content\/uploads\/2014\/01\/DS3_3813.jpg 450w\" sizes=\"auto, (max-width: 225px) 100vw, 225px\" \/><\/a><\/td>\n<\/tr>\n<tr>\n<td><a href=\"https:\/\/www.jbo-scholz-geroda.de\/wordpress-trunk\/wp-content\/uploads\/2014\/01\/DS3_3792.jpg\"><img loading=\"lazy\" decoding=\"async\" class=\"alignleft wp-image-2513 size-medium\" src=\"https:\/\/www.jbo-scholz-geroda.de\/wordpress-trunk\/wp-content\/uploads\/2014\/01\/DS3_3792-300x225.jpg\" alt=\"Musiker an der Posaune, Tuba, E-Bass, Schlagzeug, Percussion\" width=\"300\" height=\"225\" align=\"right\" srcset=\"https:\/\/www.jbo-scholz-geroda.de\/wordpress-trunk\/wp-content\/uploads\/2014\/01\/DS3_3792-300x225.jpg 300w, https:\/\/www.jbo-scholz-geroda.de\/wordpress-trunk\/wp-content\/uploads\/2014\/01\/DS3_3792-150x113.jpg 150w, https:\/\/www.jbo-scholz-geroda.de\/wordpress-trunk\/wp-content\/uploads\/2014\/01\/DS3_3792.jpg 600w\" sizes=\"auto, (max-width: 300px) 100vw, 300px\" \/><\/a><\/td>\n<td><strong>Posaune:<\/strong><br \/>\nMonika Bienm\u00fcller, Simone Schmitt, Walter Schmitt, Philipp Schneider, Martin Scholz, Holger Wirth, Reimar Wirth<\/p>\n<p><strong>Tuba:<\/strong><br \/>\nAlexander Schneider, Christian Schneider<\/p>\n<p><strong>E-Bass:<\/strong><br \/>\nChristian Schneider<\/p>\n<p><strong>Schlagzeug:<\/strong><br \/>\nJonas R\u00f6mmelt, Simon Hornung<\/p>\n<p><strong>Percussion:<\/strong><br \/>\nWalter Schmitt<\/td>\n<\/tr>\n<\/tbody>\n<\/table>\n","protected":false},"excerpt":{"rendered":"<p>Ein begeistertes Team von rund 40 Bl\u00e4sern, das mit Motivation und Schwung die Auftritte gestaltet. Fast alle besitzen ein Musiker-Leistungsabzeichen in Bronze, Silber oder Gold. Die Frauenquote: 1:1 !!! Dirigentin: Hannah Silberbach Vocal: Katharina Kuhn, Hannah Silberbach, Sabine Scholz, Joachim Scholz und weitere S\u00e4nger Klarinette: Claudia Bienm\u00fcller, Hannah Bienm\u00fcller, Isabell\u2026<\/p>\n<p class=\"continue-reading-button\"> <a class=\"continue-reading-link\" href=\"https:\/\/www.jbo-scholz-geroda.de\/?page_id=91\">Continue reading<i class=\"crycon-right-dir\"><\/i><\/a><\/p>\n","protected":false},"author":1,"featured_media":0,"parent":40,"menu_order":0,"comment_status":"open","ping_status":"closed","template":"templates\/template-page-with-intro.php","meta":{"footnotes":""},"class_list":["post-91","page","type-page","status-publish","hentry"],"_links":{"self":[{"href":"https:\/\/www.jbo-scholz-geroda.de\/index.php?rest_route=\/wp\/v2\/pages\/91","targetHints":{"allow":["GET"]}}],"collection":[{"href":"https:\/\/www.jbo-scholz-geroda.de\/index.php?rest_route=\/wp\/v2\/pages"}],"about":[{"href":"https:\/\/www.jbo-scholz-geroda.de\/index.php?rest_route=\/wp\/v2\/types\/page"}],"author":[{"embeddable":true,"href":"https:\/\/www.jbo-scholz-geroda.de\/index.php?rest_route=\/wp\/v2\/users\/1"}],"replies":[{"embeddable":true,"href":"https:\/\/www.jbo-scholz-geroda.de\/index.php?rest_route=%2Fwp%2Fv2%2Fcomments&post=91"}],"version-history":[{"count":81,"href":"https:\/\/www.jbo-scholz-geroda.de\/index.php?rest_route=\/wp\/v2\/pages\/91\/revisions"}],"predecessor-version":[{"id":6009,"href":"https:\/\/www.jbo-scholz-geroda.de\/index.php?rest_route=\/wp\/v2\/pages\/91\/revisions\/6009"}],"up":[{"embeddable":true,"href":"https:\/\/www.jbo-scholz-geroda.de\/index.php?rest_route=\/wp\/v2\/pages\/40"}],"wp:attachment":[{"href":"https:\/\/www.jbo-scholz-geroda.de\/index.php?rest_route=%2Fwp%2Fv2%2Fmedia&parent=91"}],"curies":[{"name":"wp","href":"https:\/\/api.w.org\/{rel}","templated":true}]}}