{"id":95,"date":"2014-01-04T17:08:32","date_gmt":"2014-01-04T17:08:32","guid":{"rendered":"http:\/\/jbo-scholz-geroda.de\/wordpress-trunk\/?page_id=95"},"modified":"2024-05-05T11:52:55","modified_gmt":"2024-05-05T11:52:55","slug":"dirigent","status":"publish","type":"page","link":"https:\/\/www.jbo-scholz-geroda.de\/?page_id=95","title":{"rendered":"Dirigentin"},"content":{"rendered":"<h2>\u00a0<\/h2>\n\n<h2><a href=\"https:\/\/www.hannahsilberbach.de\">Hannah Silberbach<\/a><\/h2>\n<p><img loading=\"lazy\" decoding=\"async\" class=\"wp-image-5871 alignright\" src=\"https:\/\/www.jbo-scholz-geroda.de\/wordpress-trunk\/wp-content\/uploads\/2024\/05\/IMG_2170-scaled.jpg\" alt=\"\" width=\"242\" height=\"323\" srcset=\"https:\/\/www.jbo-scholz-geroda.de\/wordpress-trunk\/wp-content\/uploads\/2024\/05\/IMG_2170-scaled.jpg 1920w, https:\/\/www.jbo-scholz-geroda.de\/wordpress-trunk\/wp-content\/uploads\/2024\/05\/IMG_2170-225x300.jpg 225w, https:\/\/www.jbo-scholz-geroda.de\/wordpress-trunk\/wp-content\/uploads\/2024\/05\/IMG_2170-768x1024.jpg 768w, https:\/\/www.jbo-scholz-geroda.de\/wordpress-trunk\/wp-content\/uploads\/2024\/05\/IMG_2170-1152x1536.jpg 1152w, https:\/\/www.jbo-scholz-geroda.de\/wordpress-trunk\/wp-content\/uploads\/2024\/05\/IMG_2170-1536x2048.jpg 1536w, https:\/\/www.jbo-scholz-geroda.de\/wordpress-trunk\/wp-content\/uploads\/2024\/05\/IMG_2170-113x150.jpg 113w\" sizes=\"auto, (max-width: 242px) 100vw, 242px\" \/>Seit M\u00e4rz 2023 ist Hannah Silberbach unsere Dirigentin. Das erste Zusammentreffen zwischen Hannah und dem Orchester stand ganz unter dem Motto &#8220;Ohne Proben ganz nach oben&#8221;. Hannah wurde zu unserem Weihnachtskonzert eingeladen und wusste bis zu Beginn des Konzertes noch nichts davon, dass sie ihr St\u00fcck &#8220;So nah&#8221; gesanglich begleiten sollte. Die Zusammenarbeit begeisterte Musikanten und Hannah so sehr, dass sie im M\u00e4rz 2023 nach einem Probedirigat unser Orchester \u00fcbernahm. Seither haben wir bereits viele gemeinsame Auftritte gemeistert und unsere Dirigentin zeigt ihre musikalische Vielfalt nicht nur mit dem Taktstock, sondern auch gesanglich, an der Gitarre oder spontan auch mal am Schlagzeug.\u00a0Sie absolvierte eine Ausbildung an der Stage School Hamburg und an der Hamburg School of Music und gewann 2019 mit ihrer Band den Deutschen Song Contest TROUBADOUR in Stuttgart.\u00a0<\/p>\n\n\n<\/h2>\n<h2><\/h2>\n<hr class=\"wp-block-separator has-alpha-channel-opacity\" \/>\n<h2>Joachim Scholz<\/h2>\n<p>Was w\u00e4re unser Orchester ohne ihn \u2013 unseren Ehrendirigenten Achim, oder von vielen auch \u201cJo\u201d genannt<\/p>\n<p><a href=\"http:\/\/jbo-scholz-geroda.de\/wordpress-trunk\/wp-content\/uploads\/2014\/01\/achim.png\"><img loading=\"lazy\" decoding=\"async\" class=\" wp-image-76\" src=\"http:\/\/jbo-scholz-geroda.de\/wordpress-trunk\/wp-content\/uploads\/2014\/01\/achim-221x300.png\" alt=\"Achim Scholz\" width=\"294\" height=\"399\" align=\"right\" hspace=\"20\" vspace=\"10\" \/><\/a>Er trat als Dirigent in die \u201cFu\u00dfstapfen\u201d seines Vaters Heinz Scholz eignet sich hervorragend daf\u00fcr. Es macht viel Spa\u00df mit ihm zusammen Musik zu machen. Achim versteht es, seine Musiker mit seinem musikalischen und p\u00e4dagogischen Fachwissen, sowie seiner ruhigen, lustigen, ideenreichen, spontanen und freundschaftlichen Art zu begeistern.<\/p>\n<p>Er ist nicht nur ein Musikexperte, sondern auch ein hervorragender Moderator. Er bringt es immer fertig, das Publikum mit seiner witzigen, charmanten Art gekonnt durch das Programm zu f\u00fchren und bestens zu unterhalten.<\/p>\n<p>Inzwischen schwingt er nicht mehr so h\u00e4ufig den Taktstock, sondern konzentriert sich wieder mehr auf das aktive Musizieren.\u00a0<\/p>\n<p>Er leitete das Hauptorchester, die Sch\u00fclerkapelle und das Schmitts-Adam-Sextett und hilft au\u00dferdem immer wieder bei anderen Bands aus.\u00a0Er ist einfach ein Multitalent und wir sind sehr froh, dass er unser Dirigent war und uns weiterhin unterst\u00fctzt und f\u00fcr uns da ist!!!<\/p>\n\n<hr class=\"wp-block-separator has-alpha-channel-opacity\"\/>\n\n\n<p><\/p>\n\n","protected":false},"excerpt":{"rendered":"<p>\u00a0 Hannah Silberbach Seit M\u00e4rz 2023 ist Hannah Silberbach unsere Dirigentin. Das erste Zusammentreffen zwischen Hannah und dem Orchester stand ganz unter dem Motto &#8220;Ohne Proben ganz nach oben&#8221;. Hannah wurde zu unserem Weihnachtskonzert eingeladen und wusste bis zu Beginn des Konzertes noch nichts davon, dass sie ihr St\u00fcck &#8220;So\u2026<\/p>\n<p class=\"continue-reading-button\"> <a class=\"continue-reading-link\" href=\"https:\/\/www.jbo-scholz-geroda.de\/?page_id=95\">Continue reading<i class=\"crycon-right-dir\"><\/i><\/a><\/p>\n","protected":false},"author":1,"featured_media":0,"parent":40,"menu_order":0,"comment_status":"open","ping_status":"closed","template":"templates\/template-page-with-intro.php","meta":{"footnotes":""},"class_list":["post-95","page","type-page","status-publish","hentry"],"_links":{"self":[{"href":"https:\/\/www.jbo-scholz-geroda.de\/index.php?rest_route=\/wp\/v2\/pages\/95","targetHints":{"allow":["GET"]}}],"collection":[{"href":"https:\/\/www.jbo-scholz-geroda.de\/index.php?rest_route=\/wp\/v2\/pages"}],"about":[{"href":"https:\/\/www.jbo-scholz-geroda.de\/index.php?rest_route=\/wp\/v2\/types\/page"}],"author":[{"embeddable":true,"href":"https:\/\/www.jbo-scholz-geroda.de\/index.php?rest_route=\/wp\/v2\/users\/1"}],"replies":[{"embeddable":true,"href":"https:\/\/www.jbo-scholz-geroda.de\/index.php?rest_route=%2Fwp%2Fv2%2Fcomments&post=95"}],"version-history":[{"count":48,"href":"https:\/\/www.jbo-scholz-geroda.de\/index.php?rest_route=\/wp\/v2\/pages\/95\/revisions"}],"predecessor-version":[{"id":5880,"href":"https:\/\/www.jbo-scholz-geroda.de\/index.php?rest_route=\/wp\/v2\/pages\/95\/revisions\/5880"}],"up":[{"embeddable":true,"href":"https:\/\/www.jbo-scholz-geroda.de\/index.php?rest_route=\/wp\/v2\/pages\/40"}],"wp:attachment":[{"href":"https:\/\/www.jbo-scholz-geroda.de\/index.php?rest_route=%2Fwp%2Fv2%2Fmedia&parent=95"}],"curies":[{"name":"wp","href":"https:\/\/api.w.org\/{rel}","templated":true}]}}