{"id":98,"date":"2014-01-04T17:08:56","date_gmt":"2014-01-04T17:08:56","guid":{"rendered":"http:\/\/jbo-scholz-geroda.de\/wordpress-trunk\/?page_id=98"},"modified":"2025-11-03T17:57:00","modified_gmt":"2025-11-03T17:57:00","slug":"wir-uber-uns","status":"publish","type":"page","link":"https:\/\/www.jbo-scholz-geroda.de\/?page_id=98","title":{"rendered":"Wir \u00fcber uns"},"content":{"rendered":"<p><img loading=\"lazy\" decoding=\"async\" class=\"size-full wp-image-25\" src=\"http:\/\/jbo-scholz-geroda.de\/wordpress-trunk\/wp-content\/uploads\/2014\/01\/IMG_0664-2.jpg\" alt=\"Orchester\" width=\"256\" height=\"171\" align=\"right\" \/><\/p>\n<p>Unser Orchester besteht aus Jugendlichen und jung gebliebenen Erwachsenen. Die meisten Aktiven kommen aus Geroda und dem Ortsteil Platz: Aber auch aus Singenrain, Sch\u00f6nderling, Stralsbach, Bad Kissingen und Bad Br\u00fcckenau haben Musikbegeisterte den Weg in unser Orchester gefunden.<\/p>\n<p>Das Hauptorchester mit \u00fcber 35 Musikerinnen und Musikern ist unser musikalisches Aush\u00e4ngeschild. Daneben haben sich auch Musiker zu kleineren Musikgruppen zusammen geschlossen. Somit sind wir in der gl\u00fccklichen Lage, f\u00fcr nahezu jede Art von Veranstaltung die richtige Besetzung anbieten zu k\u00f6nnen.<\/p>\n<p>Wir haben in unserem Programm die unterschiedlichsten Musikrichtungen zu bieten. Angefangen von b\u00f6hmisch-bayerischen Kl\u00e4ngen, weiter \u00fcber Swing und Bigbandsound, zeitgem\u00e4\u00dfe Unterhaltungsmusik bis hin zu Musicals, Pop, Rock und verschiedenen Gesangsnummern. Lockere Moderation und witzige Beitr\u00e4ge runden die musikalische Darbietung ab und animieren das Publikum zum Mitmachen.<\/p>\n\n\n<figure class=\"wp-block-image size-large\"><a href=\"https:\/\/www.jbo-scholz-geroda.de\/wordpress-trunk\/wp-content\/uploads\/2024\/05\/DSC04710-scaled.jpg\"><img loading=\"lazy\" decoding=\"async\" width=\"1024\" height=\"683\" src=\"https:\/\/www.jbo-scholz-geroda.de\/wordpress-trunk\/wp-content\/uploads\/2024\/05\/DSC04710-1024x683.jpg\" alt=\"\" class=\"wp-image-5924\" srcset=\"https:\/\/www.jbo-scholz-geroda.de\/wordpress-trunk\/wp-content\/uploads\/2024\/05\/DSC04710-1024x683.jpg 1024w, https:\/\/www.jbo-scholz-geroda.de\/wordpress-trunk\/wp-content\/uploads\/2024\/05\/DSC04710-300x200.jpg 300w, https:\/\/www.jbo-scholz-geroda.de\/wordpress-trunk\/wp-content\/uploads\/2024\/05\/DSC04710-768x512.jpg 768w, https:\/\/www.jbo-scholz-geroda.de\/wordpress-trunk\/wp-content\/uploads\/2024\/05\/DSC04710-1536x1024.jpg 1536w, https:\/\/www.jbo-scholz-geroda.de\/wordpress-trunk\/wp-content\/uploads\/2024\/05\/DSC04710-2048x1365.jpg 2048w, https:\/\/www.jbo-scholz-geroda.de\/wordpress-trunk\/wp-content\/uploads\/2024\/05\/DSC04710-150x100.jpg 150w\" sizes=\"auto, (max-width: 1024px) 100vw, 1024px\" \/><\/a><\/figure>\n","protected":false},"excerpt":{"rendered":"<p>Unser Orchester besteht aus Jugendlichen und jung gebliebenen Erwachsenen. Die meisten Aktiven kommen aus Geroda und dem Ortsteil Platz: Aber auch aus Singenrain, Sch\u00f6nderling, Stralsbach, Bad Kissingen und Bad Br\u00fcckenau haben Musikbegeisterte den Weg in unser Orchester gefunden. Das Hauptorchester mit \u00fcber 35 Musikerinnen und Musikern ist unser musikalisches Aush\u00e4ngeschild.\u2026<\/p>\n<p class=\"continue-reading-button\"> <a class=\"continue-reading-link\" href=\"https:\/\/www.jbo-scholz-geroda.de\/?page_id=98\">Continue reading<i class=\"crycon-right-dir\"><\/i><\/a><\/p>\n","protected":false},"author":1,"featured_media":0,"parent":40,"menu_order":0,"comment_status":"open","ping_status":"closed","template":"templates\/template-page-with-intro.php","meta":{"footnotes":""},"class_list":["post-98","page","type-page","status-publish","hentry"],"_links":{"self":[{"href":"https:\/\/www.jbo-scholz-geroda.de\/index.php?rest_route=\/wp\/v2\/pages\/98","targetHints":{"allow":["GET"]}}],"collection":[{"href":"https:\/\/www.jbo-scholz-geroda.de\/index.php?rest_route=\/wp\/v2\/pages"}],"about":[{"href":"https:\/\/www.jbo-scholz-geroda.de\/index.php?rest_route=\/wp\/v2\/types\/page"}],"author":[{"embeddable":true,"href":"https:\/\/www.jbo-scholz-geroda.de\/index.php?rest_route=\/wp\/v2\/users\/1"}],"replies":[{"embeddable":true,"href":"https:\/\/www.jbo-scholz-geroda.de\/index.php?rest_route=%2Fwp%2Fv2%2Fcomments&post=98"}],"version-history":[{"count":39,"href":"https:\/\/www.jbo-scholz-geroda.de\/index.php?rest_route=\/wp\/v2\/pages\/98\/revisions"}],"predecessor-version":[{"id":5986,"href":"https:\/\/www.jbo-scholz-geroda.de\/index.php?rest_route=\/wp\/v2\/pages\/98\/revisions\/5986"}],"up":[{"embeddable":true,"href":"https:\/\/www.jbo-scholz-geroda.de\/index.php?rest_route=\/wp\/v2\/pages\/40"}],"wp:attachment":[{"href":"https:\/\/www.jbo-scholz-geroda.de\/index.php?rest_route=%2Fwp%2Fv2%2Fmedia&parent=98"}],"curies":[{"name":"wp","href":"https:\/\/api.w.org\/{rel}","templated":true}]}}